{"id":138,"date":"2024-12-04T11:36:53","date_gmt":"2024-12-04T14:36:53","guid":{"rendered":"https:\/\/sbrv.org\/paciente\/?page_id=138"},"modified":"2024-12-04T11:36:53","modified_gmt":"2024-12-04T14:36:53","slug":"conselho-consultivo-permanente","status":"publish","type":"page","link":"https:\/\/sbrv.org\/paciente\/conselho-consultivo-permanente\/","title":{"rendered":"Conselho Consultivo permanente"},"content":{"rendered":"\n<p><strong>O Conselho Consultivo permanente , \u00e9 composto pelos Ex-Presidentes da Sociedade Brasileira de Retina e V\u00edtreo<\/strong>.<\/p>\n\n\n\n<ul class=\"wp-block-list u-paragrafo-striped\">\n<li>Dr. Ac\u00e1cio Muralha Neto<\/li>\n\n\n\n<li>Dr. Andre Marcelo Vieira Gomes<\/li>\n\n\n\n<li>Dr. Arnaldo Cialdini<\/li>\n\n\n\n<li>Dr. Arnaldo Furman Bordon<\/li>\n\n\n\n<li>Dr. Carlos Augusto Moreira Junior<\/li>\n\n\n\n<li>Dr. Christiano Barsante (falecido)<\/li>\n\n\n\n<li>Dr. Jaco Lavinsky<\/li>\n\n\n\n<li>Dr. Jo\u00e3o Agostini Neto<\/li>\n\n\n\n<li>Dr. Jo\u00e3o Alberto Holanda De Freitas<\/li>\n\n\n\n<li>Dr. Jo\u00e3o Eug\u00eanio G. De Medeiros<\/li>\n\n\n\n<li>Dr. Jo\u00e3o Orlando Ribeiro Gon\u00e7alves<\/li>\n\n\n\n<li>Dr. Jorge Mitre (falecido)<\/li>\n\n\n\n<li>Dr. Joviano Rezende (falecido)<\/li>\n\n\n\n<li>Dr. Magno Antonio Ferreira<\/li>\n\n\n\n<li>Dr. Marcio Bittar Nehemy<\/li>\n\n\n\n<li>Dr. Marcos Pereira De \u00c1vila<\/li>\n\n\n\n<li>Dr. Mario Martins Dos Santos Motta<\/li>\n\n\n\n<li>Dr. Mauricio Maia<\/li>\n\n\n\n<li>Dr. Michel Eid Farah<\/li>\n\n\n\n<li>Dr. Oswaldo Moura Brasil<\/li>\n\n\n\n<li>Dr. Roberto Abdalla Moura (falecido)<\/li>\n\n\n\n<li>Dr. Sergio Cunha (falecido)<\/li>\n\n\n\n<li>Dr. Suel Abujamra (falecido)<\/li>\n\n\n\n<li>Dr. Walter Yukihiko Takahashi<\/li>\n<\/ul>\n","protected":false},"excerpt":{"rendered":"<p>O Conselho Consultivo permanente , \u00e9 composto pelos Ex-Presidentes da Sociedade Brasileira de Retina e V\u00edtreo.<\/p>\n","protected":false},"author":1,"featured_media":0,"parent":0,"menu_order":0,"comment_status":"closed","ping_status":"closed","template":"","meta":{"_acf_changed":false,"footnotes":""},"class_list":["post-138","page","type-page","status-publish","hentry"],"acf":[],"yoast_head":"<!-- This site is optimized with the Yoast SEO plugin v27.4 - https:\/\/yoast.com\/product\/yoast-seo-wordpress\/ -->\n<title>Conselho Consultivo permanente - SBRV - \u00c1rea do Paciente<\/title>\n<meta name=\"robots\" content=\"index, follow, max-snippet:-1, max-image-preview:large, max-video-preview:-1\" \/>\n<link rel=\"canonical\" href=\"https:\/\/sbrv.org\/paciente\/conselho-consultivo-permanente\/\" \/>\n<meta property=\"og:locale\" content=\"pt_BR\" \/>\n<meta property=\"og:type\" content=\"article\" \/>\n<meta property=\"og:title\" content=\"Conselho Consultivo permanente - SBRV - \u00c1rea do Paciente\" \/>\n<meta property=\"og:description\" content=\"O Conselho Consultivo permanente , \u00e9 composto pelos Ex-Presidentes da Sociedade Brasileira de Retina e V\u00edtreo.\" \/>\n<meta property=\"og:url\" content=\"https:\/\/sbrv.org\/paciente\/conselho-consultivo-permanente\/\" \/>\n<meta property=\"og:site_name\" content=\"SBRV - \u00c1rea do Paciente\" \/>\n<meta property=\"article:publisher\" content=\"https:\/\/pt-br.facebook.com\/sbrv.retina\" \/>\n<meta property=\"og:image\" content=\"https:\/\/sbrv.org\/paciente\/wp-content\/uploads\/sites\/3\/2024\/12\/imagem-yoast-seo.png\" \/>\n\t<meta property=\"og:image:width\" content=\"1200\" \/>\n\t<meta property=\"og:image:height\" content=\"675\" \/>\n\t<meta property=\"og:image:type\" content=\"image\/png\" \/>\n<meta name=\"twitter:card\" content=\"summary_large_image\" \/>\n<meta name=\"twitter:site\" content=\"@sbrv_retina\" \/>\n<meta name=\"twitter:label1\" content=\"Est. tempo de leitura\" \/>\n\t<meta name=\"twitter:data1\" content=\"1 minuto\" \/>\n<script type=\"application\/ld+json\" class=\"yoast-schema-graph\">{\"@context\":\"https:\\\/\\\/schema.org\",\"@graph\":[{\"@type\":\"WebPage\",\"@id\":\"https:\\\/\\\/sbrv.org\\\/paciente\\\/conselho-consultivo-permanente\\\/\",\"url\":\"https:\\\/\\\/sbrv.org\\\/paciente\\\/conselho-consultivo-permanente\\\/\",\"name\":\"Conselho Consultivo permanente - SBRV - \u00c1rea do Paciente\",\"isPartOf\":{\"@id\":\"https:\\\/\\\/sbrv.org\\\/paciente\\\/#website\"},\"datePublished\":\"2024-12-04T14:36:53+00:00\",\"breadcrumb\":{\"@id\":\"https:\\\/\\\/sbrv.org\\\/paciente\\\/conselho-consultivo-permanente\\\/#breadcrumb\"},\"inLanguage\":\"pt-BR\",\"potentialAction\":[{\"@type\":\"ReadAction\",\"target\":[\"https:\\\/\\\/sbrv.org\\\/paciente\\\/conselho-consultivo-permanente\\\/\"]}]},{\"@type\":\"BreadcrumbList\",\"@id\":\"https:\\\/\\\/sbrv.org\\\/paciente\\\/conselho-consultivo-permanente\\\/#breadcrumb\",\"itemListElement\":[{\"@type\":\"ListItem\",\"position\":1,\"name\":\"Home\",\"item\":\"https:\\\/\\\/sbrv.org\\\/paciente\\\/\"},{\"@type\":\"ListItem\",\"position\":2,\"name\":\"Conselho Consultivo permanente\"}]},{\"@type\":\"WebSite\",\"@id\":\"https:\\\/\\\/sbrv.org\\\/paciente\\\/#website\",\"url\":\"https:\\\/\\\/sbrv.org\\\/paciente\\\/\",\"name\":\"SBRV - Sociedade Brasileira de Retina e Vitreo - \u00c1rea do Paciente\",\"description\":\"Portal da Sociedade Brasileira de Retina e Vitreo\",\"publisher\":{\"@id\":\"https:\\\/\\\/sbrv.org\\\/paciente\\\/#organization\"},\"alternateName\":\"SBRV\",\"potentialAction\":[{\"@type\":\"SearchAction\",\"target\":{\"@type\":\"EntryPoint\",\"urlTemplate\":\"https:\\\/\\\/sbrv.org\\\/paciente\\\/?s={search_term_string}\"},\"query-input\":{\"@type\":\"PropertyValueSpecification\",\"valueRequired\":true,\"valueName\":\"search_term_string\"}}],\"inLanguage\":\"pt-BR\"},{\"@type\":\"Organization\",\"@id\":\"https:\\\/\\\/sbrv.org\\\/paciente\\\/#organization\",\"name\":\"SBRV - Sociedade Brasileira de Retina e Vitreo\",\"alternateName\":\"SBRV\",\"url\":\"https:\\\/\\\/sbrv.org\\\/paciente\\\/\",\"logo\":{\"@type\":\"ImageObject\",\"inLanguage\":\"pt-BR\",\"@id\":\"https:\\\/\\\/sbrv.org\\\/paciente\\\/#\\\/schema\\\/logo\\\/image\\\/\",\"url\":\"https:\\\/\\\/sbrv.org\\\/paciente\\\/wp-content\\\/uploads\\\/sites\\\/3\\\/2024\\\/12\\\/thumbnail-default-1.png\",\"contentUrl\":\"https:\\\/\\\/sbrv.org\\\/paciente\\\/wp-content\\\/uploads\\\/sites\\\/3\\\/2024\\\/12\\\/thumbnail-default-1.png\",\"width\":600,\"height\":400,\"caption\":\"SBRV - Sociedade Brasileira de Retina e Vitreo\"},\"image\":{\"@id\":\"https:\\\/\\\/sbrv.org\\\/paciente\\\/#\\\/schema\\\/logo\\\/image\\\/\"},\"sameAs\":[\"https:\\\/\\\/pt-br.facebook.com\\\/sbrv.retina\",\"https:\\\/\\\/x.com\\\/sbrv_retina\",\"https:\\\/\\\/www.instagram.com\\\/retina.sbrv\\\/\"]}]}<\/script>\n<!-- \/ Yoast SEO plugin. -->","yoast_head_json":{"title":"Conselho Consultivo permanente - SBRV - \u00c1rea do Paciente","robots":{"index":"index","follow":"follow","max-snippet":"max-snippet:-1","max-image-preview":"max-image-preview:large","max-video-preview":"max-video-preview:-1"},"canonical":"https:\/\/sbrv.org\/paciente\/conselho-consultivo-permanente\/","og_locale":"pt_BR","og_type":"article","og_title":"Conselho Consultivo permanente - SBRV - \u00c1rea do Paciente","og_description":"O Conselho Consultivo permanente , \u00e9 composto pelos Ex-Presidentes da Sociedade Brasileira de Retina e V\u00edtreo.","og_url":"https:\/\/sbrv.org\/paciente\/conselho-consultivo-permanente\/","og_site_name":"SBRV - \u00c1rea do Paciente","article_publisher":"https:\/\/pt-br.facebook.com\/sbrv.retina","og_image":[{"width":1200,"height":675,"url":"https:\/\/sbrv.org\/paciente\/wp-content\/uploads\/sites\/3\/2024\/12\/imagem-yoast-seo.png","type":"image\/png"}],"twitter_card":"summary_large_image","twitter_site":"@sbrv_retina","twitter_misc":{"Est. tempo de leitura":"1 minuto"},"schema":{"@context":"https:\/\/schema.org","@graph":[{"@type":"WebPage","@id":"https:\/\/sbrv.org\/paciente\/conselho-consultivo-permanente\/","url":"https:\/\/sbrv.org\/paciente\/conselho-consultivo-permanente\/","name":"Conselho Consultivo permanente - SBRV - \u00c1rea do Paciente","isPartOf":{"@id":"https:\/\/sbrv.org\/paciente\/#website"},"datePublished":"2024-12-04T14:36:53+00:00","breadcrumb":{"@id":"https:\/\/sbrv.org\/paciente\/conselho-consultivo-permanente\/#breadcrumb"},"inLanguage":"pt-BR","potentialAction":[{"@type":"ReadAction","target":["https:\/\/sbrv.org\/paciente\/conselho-consultivo-permanente\/"]}]},{"@type":"BreadcrumbList","@id":"https:\/\/sbrv.org\/paciente\/conselho-consultivo-permanente\/#breadcrumb","itemListElement":[{"@type":"ListItem","position":1,"name":"Home","item":"https:\/\/sbrv.org\/paciente\/"},{"@type":"ListItem","position":2,"name":"Conselho Consultivo permanente"}]},{"@type":"WebSite","@id":"https:\/\/sbrv.org\/paciente\/#website","url":"https:\/\/sbrv.org\/paciente\/","name":"SBRV - Sociedade Brasileira de Retina e Vitreo - \u00c1rea do Paciente","description":"Portal da Sociedade Brasileira de Retina e Vitreo","publisher":{"@id":"https:\/\/sbrv.org\/paciente\/#organization"},"alternateName":"SBRV","potentialAction":[{"@type":"SearchAction","target":{"@type":"EntryPoint","urlTemplate":"https:\/\/sbrv.org\/paciente\/?s={search_term_string}"},"query-input":{"@type":"PropertyValueSpecification","valueRequired":true,"valueName":"search_term_string"}}],"inLanguage":"pt-BR"},{"@type":"Organization","@id":"https:\/\/sbrv.org\/paciente\/#organization","name":"SBRV - Sociedade Brasileira de Retina e Vitreo","alternateName":"SBRV","url":"https:\/\/sbrv.org\/paciente\/","logo":{"@type":"ImageObject","inLanguage":"pt-BR","@id":"https:\/\/sbrv.org\/paciente\/#\/schema\/logo\/image\/","url":"https:\/\/sbrv.org\/paciente\/wp-content\/uploads\/sites\/3\/2024\/12\/thumbnail-default-1.png","contentUrl":"https:\/\/sbrv.org\/paciente\/wp-content\/uploads\/sites\/3\/2024\/12\/thumbnail-default-1.png","width":600,"height":400,"caption":"SBRV - Sociedade Brasileira de Retina e Vitreo"},"image":{"@id":"https:\/\/sbrv.org\/paciente\/#\/schema\/logo\/image\/"},"sameAs":["https:\/\/pt-br.facebook.com\/sbrv.retina","https:\/\/x.com\/sbrv_retina","https:\/\/www.instagram.com\/retina.sbrv\/"]}]}},"_links":{"self":[{"href":"https:\/\/sbrv.org\/paciente\/wp-json\/wp\/v2\/pages\/138","targetHints":{"allow":["GET"]}}],"collection":[{"href":"https:\/\/sbrv.org\/paciente\/wp-json\/wp\/v2\/pages"}],"about":[{"href":"https:\/\/sbrv.org\/paciente\/wp-json\/wp\/v2\/types\/page"}],"author":[{"embeddable":true,"href":"https:\/\/sbrv.org\/paciente\/wp-json\/wp\/v2\/users\/1"}],"replies":[{"embeddable":true,"href":"https:\/\/sbrv.org\/paciente\/wp-json\/wp\/v2\/comments?post=138"}],"version-history":[{"count":1,"href":"https:\/\/sbrv.org\/paciente\/wp-json\/wp\/v2\/pages\/138\/revisions"}],"predecessor-version":[{"id":139,"href":"https:\/\/sbrv.org\/paciente\/wp-json\/wp\/v2\/pages\/138\/revisions\/139"}],"wp:attachment":[{"href":"https:\/\/sbrv.org\/paciente\/wp-json\/wp\/v2\/media?parent=138"}],"curies":[{"name":"wp","href":"https:\/\/api.w.org\/{rel}","templated":true}]}}