{"id":4963,"date":"2024-10-18T16:21:29","date_gmt":"2024-10-18T19:21:29","guid":{"rendered":"https:\/\/sbrv.org\/medico\/?page_id=4963"},"modified":"2026-03-19T12:06:50","modified_gmt":"2026-03-19T15:06:50","slug":"servicos-reconhecidos-para-fellowship","status":"publish","type":"page","link":"https:\/\/sbrv.org\/medico\/servicos-reconhecidos-para-fellowship\/","title":{"rendered":"Servi\u00e7os reconhecidos para fellowship"},"content":{"rendered":"\n<p>A SBRV, buscando padronizar e melhorar a qualidade do ensino da retinologia no Brasil, estabeleceu o reconhecimento de servi\u00e7os de ensino de Retina e V\u00edtreo (fellowship). <\/p>\n\n\n\n<p>Fellowship \u00e9 o nome dado ao est\u00e1gio p\u00f3s-resid\u00eancia m\u00e9dica, onde o m\u00e9dico oftalmologista treina, durante dois ou mais anos, para aprender como tratar de forma cl\u00ednica e cir\u00fargica, as doen\u00e7as da retina.<\/p>\n\n\n\n<p>A avalia\u00e7\u00e3o e reconhecimento destes servi\u00e7os \u00e9 realizado, continuamente, por empresa independente, contratada pela SBRV, para a avalia\u00e7\u00e3o dos crit\u00e9rios criados e condi\u00e7\u00f5es de ensino.<\/p>\n\n\n\n<p>Ao final do est\u00e1gio, o fellow \u00e9 apto a prestar prova para ingresso na SBRV, e, quando aprovado, recebe o t\u00edtulo de Membro aspirante.<\/p>\n\n\n\n<p>A SBRV recomenda que m\u00e9dicos oftalmologistas, interessados em se tornarem retin\u00f3logos, busquem um servi\u00e7o reconhecido, pela SBRV, para sua forma\u00e7\u00e3o<\/p>\n\n\n\n<h2 class=\"wp-block-heading\">Servi\u00e7os reconhecidos<\/h2>\n\n\n\n<ul class=\"wp-block-list u-paragrafo-striped\">\n<li><span><strong>Banco de Olhos de Sorocaba<\/strong><\/span><br><span>Arnaldo Furman Bordon<\/span><\/li>\n\n\n\n<li><span><strong>CBV \u2013 Hospital de Olhos<\/strong><\/span><br><span>Marcos Pereira de Avila<\/span><\/li>\n\n\n\n<li><span><strong>Centro de Refer\u00eancia em Oftalmologia da Universidade Federal de Goi\u00e1s<\/strong><\/span><br><span>Marcos Pereira de \u00c1vila<\/span><\/li>\n\n\n\n<li><span><strong>Centro Oftalmol\u00f3gico de Minas Gerais<\/strong><\/span><br><span>Claudio Augusto Junqueira de Carvalho<\/span><\/li>\n\n\n\n<li><span><strong>Cirurgia Ocular S\u00e3o Cristov\u00e3o<\/strong><\/span><br><span>Vitor Barbosa Cerqueira<\/span><\/li>\n\n\n\n<li><span><strong>Cl\u00ednica de Olhos Leit\u00e3o Guerra<\/strong><\/span><br><span>Ricardo Luz Leit\u00e3o Guerra<\/span><\/li>\n\n\n\n<li><span><strong>Funda\u00e7\u00e3o Altino Ventura<\/strong><\/span><br><span>Vasco Torres Fernandes Bravo Filho<\/span><\/li>\n\n\n\n<li><span><strong>Funda\u00e7\u00e3o Banco de Olhos de Goi\u00e1s<\/strong><\/span><br><span>Luciana Barbosa Carneiro<\/span><\/li>\n\n\n\n<li><span><strong>Funda\u00e7\u00e3o Dr. Jo\u00e3o Penido Burnier<\/strong><\/span><br><span>M\u00e1rcio Augusto Nogueira Costa<\/span><\/li>\n\n\n\n<li><span><strong>Hospital Banco de Olhos de Porto Alegre<\/strong><\/span><br><span>Mariana Rossi Thorell<\/span><\/li>\n\n\n\n<li><strong>Hospital das Cl\u00ednicas da Faculdade de Medicina de Botucatu &#8211; HCFMB<\/strong><br>Eliane Chaves Jorge<\/li>\n\n\n\n<li><span><strong>Hospital das Cl\u00ednicas da <strong>Faculdade de Medicina<\/strong> de Ribeir\u00e3o Preto USP<\/strong><\/span><br><span>Marcelo Guimar\u00e3es Brand\u00e3o Rego<\/span><\/li>\n\n\n\n<li><span><strong>Hospital das Cl\u00ednicas da UFPE<\/strong><\/span><br><span>Rodrigo Pessoa Cavalcanti Lira<\/span><\/li>\n\n\n\n<li><span><strong>Hospital das Cl\u00ednicas da Unicamp \u2013 HC UNICAMP<\/strong><\/span><br><span>Mauricio Abujamra Nascimento<\/span><\/li>\n\n\n\n<li><span><strong>Hospital de Olhos do Paran\u00e1<\/strong><\/span><br><span>Carlos Augusto Moreira Neto<\/span><\/li>\n\n\n\n<li><span><strong>Hospital de Olhos do Tocantins<\/strong><\/span><br><span>Jo\u00e3o Carlos Diniz Arraes<\/span><\/li>\n\n\n\n<li><span><strong>Hospital de Olhos Santa Luzia<\/strong><\/span><br><span>Luiz Guilherme Azevedo de Freitas<\/span><\/li>\n\n\n\n<li><span><strong>Hospital Governador Celso Ramos<\/strong><\/span><br><span>Ayrton Roberto Branco Ramos<\/span><\/li>\n\n\n\n<li><span><strong>Hospital Humberto Castro Lima-HHCL<\/strong><\/span><br><span>Ver\u00f4nica Franco de Castro Lima<\/span><\/li>\n\n\n\n<li><span><strong>Hospital Oftalmol\u00f3gico do Interior Paulista -HOIP<\/strong><\/span><br><span>Alessandro Jos\u00e9 Rodrigues Dar\u00e9<\/span><\/li>\n\n\n\n<li><span><strong>Hospital Regional de S\u00e3o Jos\u00e9 Dr Homero de Miranda Gomes<\/strong><\/span><br><span>Marcelo Brillinger Novello<\/span><\/li>\n\n\n\n<li><span><strong>Hospital S\u00e3o Geraldo \u2013 UFMG<\/strong><\/span><br><span>Marcio Bittar Nehemy<\/span><\/li>\n\n\n\n<li><span><strong>Hospital S\u00e3o Paulo \u2013 Universidade Federal do Estado de SP<\/strong><\/span><br><span>Mauricio Maia<\/span><\/li>\n\n\n\n<li><span><strong>Hospital Vis\u00e3o \u2013 Oftalmocl\u00ednica Curitiba LTDA<\/strong><\/span><br><span>Jo\u00e3o Guilherme Oliveira de Moraes<\/span><\/li>\n\n\n\n<li><span><strong>Hospital Vis\u00e3o (Centro Paraibano de Cl\u00ednica e Cirurgia de Olhos)<\/strong><\/span><br><span>Fernando Melo Gadelha<\/span><\/li>\n\n\n\n<li><span><strong>Instituto Brasileiro de Assist\u00eancia e Pesquisa \u2013 IBAP Oftalmologia<\/strong><\/span><br><span>Rodrigo Schwartz Pegado<\/span><\/li>\n\n\n\n<li><span><strong>Instituto Cearense de Oftalmologia \u2013 ICO<\/strong><\/span><br><span>Andr\u00e9 Juc\u00e1 Machado<\/span><\/li>\n\n\n\n<li><span><strong>Instituto da Vis\u00e3o \u2013 IPEPO<\/strong><\/span><br><span>Michel Eid Farah<\/span><\/li>\n\n\n\n<li><span><strong>Instituto de Olhos Hospital Universit\u00e1rio Ci\u00eancias M\u00e9dicas<\/strong><\/span><br><span>Erika Pacheco Magalh\u00e3es Diniz<\/span><\/li>\n\n\n\n<li><span><strong>Instituto Suel Abujamra<\/strong><\/span><br>Cleide Guimar\u00e3es Machado<\/li>\n\n\n\n<li><span><strong>Retina Clinic<\/strong><\/span><br><span>Andr\u00e9 Correa Maia de Carvalho<\/span><\/li>\n\n\n\n<li><span><strong>Retina Instituto &#8211; Elo Oftalmologistas Associados<\/strong><\/span><br><span>Tereza Cristina Moreira Kanadani<\/span><\/li>\n\n\n\n<li><span><strong>Santa Casa de Miseric\u00f3rdia de Belo Horizonte<\/strong><\/span><br><span>Rafaela Q. Caixeta Faraj<\/span><\/li>\n\n\n\n<li><span><strong>Santa Casa de Miseric\u00f3rdia de S\u00e3o Paulo<\/strong><\/span><br><span>Ronaldo Yuiti Sano<\/span><\/li>\n\n\n\n<li><span><strong>SEOPE<\/strong><\/span><br><span>Manoela Pessoa de Melo Corr\u00eaa Gondim<\/span><\/li>\n\n\n\n<li><span><strong>SOFTH &#8211; Servi\u00e7os M\u00e9dico-hospitalares em Oftalmologia Ltda<\/strong><\/span><br><span>Ant\u00f4nio F\u00e1bio Miguel<\/span><\/li>\n\n\n\n<li><span><strong>UNIFACISA \u2013 Centro de Ensino Superior e Desenvolvimento Ltda-CESED<\/strong><\/span><br><span>Maria Cecilia Santos Cavalcanti Melo<\/span><\/li>\n\n\n\n<li><span><strong>Unilaser Hospital Oftalmol\u00f3gico<\/strong><\/span><br><span>Celso Afonso Gon\u00e7alves<\/span><\/li>\n\n\n\n<li><strong>Universidade do Estado do Rio de Janeiro (Hospital Universit\u00e1rio Pedro Ernesto)<\/strong><br>Fl\u00e1vio Mac Cord Medina<\/li>\n<\/ul>\n\n\n\n<p><\/p>\n","protected":false},"excerpt":{"rendered":"<p>A SBRV, buscando padronizar e melhorar a qualidade do ensino da retinologia no Brasil, estabeleceu o reconhecimento de servi\u00e7os de ensino de Retina e V\u00edtreo (fellowship). Fellowship \u00e9 o nome dado ao est\u00e1gio p\u00f3s-resid\u00eancia m\u00e9dica, onde o m\u00e9dico oftalmologista treina, durante dois ou mais anos, para aprender como tratar de forma cl\u00ednica e cir\u00fargica, as [&hellip;]<\/p>\n","protected":false},"author":1,"featured_media":0,"parent":0,"menu_order":0,"comment_status":"closed","ping_status":"closed","template":"templates\/tp-servicos.php","meta":{"_acf_changed":false,"footnotes":""},"class_list":["post-4963","page","type-page","status-publish","hentry"],"acf":[],"yoast_head":"<!-- This site is optimized with the Yoast SEO plugin v27.3 - https:\/\/yoast.com\/product\/yoast-seo-wordpress\/ -->\n<title>Servi\u00e7os reconhecidos para fellowship - SBRV - \u00c1rea do M\u00e9dico<\/title>\n<meta name=\"robots\" content=\"index, follow, max-snippet:-1, max-image-preview:large, max-video-preview:-1\" \/>\n<link rel=\"canonical\" href=\"https:\/\/sbrv.org\/medico\/servicos-reconhecidos-para-fellowship\/\" \/>\n<meta property=\"og:locale\" content=\"pt_BR\" \/>\n<meta property=\"og:type\" content=\"article\" \/>\n<meta property=\"og:title\" content=\"Servi\u00e7os reconhecidos para fellowship - SBRV - \u00c1rea do M\u00e9dico\" \/>\n<meta property=\"og:description\" content=\"A SBRV, buscando padronizar e melhorar a qualidade do ensino da retinologia no Brasil, estabeleceu o reconhecimento de servi\u00e7os de ensino de Retina e V\u00edtreo (fellowship). Fellowship \u00e9 o nome dado ao est\u00e1gio p\u00f3s-resid\u00eancia m\u00e9dica, onde o m\u00e9dico oftalmologista treina, durante dois ou mais anos, para aprender como tratar de forma cl\u00ednica e cir\u00fargica, as [&hellip;]\" \/>\n<meta property=\"og:url\" content=\"https:\/\/sbrv.org\/medico\/servicos-reconhecidos-para-fellowship\/\" \/>\n<meta property=\"og:site_name\" content=\"SBRV - \u00c1rea do M\u00e9dico\" \/>\n<meta property=\"article:publisher\" content=\"https:\/\/pt-br.facebook.com\/sbrv.retina\" \/>\n<meta property=\"article:modified_time\" content=\"2026-03-19T15:06:50+00:00\" \/>\n<meta property=\"og:image\" content=\"https:\/\/sbrv.org\/medico\/wp-content\/uploads\/sites\/2\/2024\/12\/imagem-yoast-seo.png\" \/>\n\t<meta property=\"og:image:width\" content=\"1200\" \/>\n\t<meta property=\"og:image:height\" content=\"675\" \/>\n\t<meta property=\"og:image:type\" content=\"image\/png\" \/>\n<meta name=\"twitter:card\" content=\"summary_large_image\" \/>\n<meta name=\"twitter:site\" content=\"@sbrv_retina\" \/>\n<meta name=\"twitter:label1\" content=\"Est. tempo de leitura\" \/>\n\t<meta name=\"twitter:data1\" content=\"1 minuto\" \/>\n<script type=\"application\/ld+json\" class=\"yoast-schema-graph\">{\"@context\":\"https:\\\/\\\/schema.org\",\"@graph\":[{\"@type\":\"WebPage\",\"@id\":\"https:\\\/\\\/sbrv.org\\\/medico\\\/servicos-reconhecidos-para-fellowship\\\/\",\"url\":\"https:\\\/\\\/sbrv.org\\\/medico\\\/servicos-reconhecidos-para-fellowship\\\/\",\"name\":\"Servi\u00e7os reconhecidos para fellowship - SBRV - \u00c1rea do M\u00e9dico\",\"isPartOf\":{\"@id\":\"https:\\\/\\\/sbrv.org\\\/medico\\\/#website\"},\"datePublished\":\"2024-10-18T19:21:29+00:00\",\"dateModified\":\"2026-03-19T15:06:50+00:00\",\"breadcrumb\":{\"@id\":\"https:\\\/\\\/sbrv.org\\\/medico\\\/servicos-reconhecidos-para-fellowship\\\/#breadcrumb\"},\"inLanguage\":\"pt-BR\",\"potentialAction\":[{\"@type\":\"ReadAction\",\"target\":[\"https:\\\/\\\/sbrv.org\\\/medico\\\/servicos-reconhecidos-para-fellowship\\\/\"]}]},{\"@type\":\"BreadcrumbList\",\"@id\":\"https:\\\/\\\/sbrv.org\\\/medico\\\/servicos-reconhecidos-para-fellowship\\\/#breadcrumb\",\"itemListElement\":[{\"@type\":\"ListItem\",\"position\":1,\"name\":\"Home\",\"item\":\"https:\\\/\\\/sbrv.org\\\/medico\\\/\"},{\"@type\":\"ListItem\",\"position\":2,\"name\":\"Servi\u00e7os reconhecidos para fellowship\"}]},{\"@type\":\"WebSite\",\"@id\":\"https:\\\/\\\/sbrv.org\\\/medico\\\/#website\",\"url\":\"https:\\\/\\\/sbrv.org\\\/medico\\\/\",\"name\":\"SBRV - Sociedade Brasileira de Retina e Vitreo - \u00c1rea do M\u00e9dico\",\"description\":\"Portal da Sociedade Brasileira de Retina e Vitreo\",\"publisher\":{\"@id\":\"https:\\\/\\\/sbrv.org\\\/medico\\\/#organization\"},\"alternateName\":\"SBRV\",\"potentialAction\":[{\"@type\":\"SearchAction\",\"target\":{\"@type\":\"EntryPoint\",\"urlTemplate\":\"https:\\\/\\\/sbrv.org\\\/medico\\\/?s={search_term_string}\"},\"query-input\":{\"@type\":\"PropertyValueSpecification\",\"valueRequired\":true,\"valueName\":\"search_term_string\"}}],\"inLanguage\":\"pt-BR\"},{\"@type\":\"Organization\",\"@id\":\"https:\\\/\\\/sbrv.org\\\/medico\\\/#organization\",\"name\":\"SBRV - Sociedade Brasileira de Retina e Vitreo\",\"alternateName\":\"SBRV\",\"url\":\"https:\\\/\\\/sbrv.org\\\/medico\\\/\",\"logo\":{\"@type\":\"ImageObject\",\"inLanguage\":\"pt-BR\",\"@id\":\"https:\\\/\\\/sbrv.org\\\/medico\\\/#\\\/schema\\\/logo\\\/image\\\/\",\"url\":\"https:\\\/\\\/sbrv.org\\\/medico\\\/wp-content\\\/uploads\\\/sites\\\/2\\\/2024\\\/12\\\/thumbnail-default-2.png\",\"contentUrl\":\"https:\\\/\\\/sbrv.org\\\/medico\\\/wp-content\\\/uploads\\\/sites\\\/2\\\/2024\\\/12\\\/thumbnail-default-2.png\",\"width\":600,\"height\":400,\"caption\":\"SBRV - Sociedade Brasileira de Retina e Vitreo\"},\"image\":{\"@id\":\"https:\\\/\\\/sbrv.org\\\/medico\\\/#\\\/schema\\\/logo\\\/image\\\/\"},\"sameAs\":[\"https:\\\/\\\/pt-br.facebook.com\\\/sbrv.retina\",\"https:\\\/\\\/x.com\\\/sbrv_retina\",\"https:\\\/\\\/www.instagram.com\\\/retina.sbrv\\\/\"]}]}<\/script>\n<!-- \/ Yoast SEO plugin. -->","yoast_head_json":{"title":"Servi\u00e7os reconhecidos para fellowship - SBRV - \u00c1rea do M\u00e9dico","robots":{"index":"index","follow":"follow","max-snippet":"max-snippet:-1","max-image-preview":"max-image-preview:large","max-video-preview":"max-video-preview:-1"},"canonical":"https:\/\/sbrv.org\/medico\/servicos-reconhecidos-para-fellowship\/","og_locale":"pt_BR","og_type":"article","og_title":"Servi\u00e7os reconhecidos para fellowship - SBRV - \u00c1rea do M\u00e9dico","og_description":"A SBRV, buscando padronizar e melhorar a qualidade do ensino da retinologia no Brasil, estabeleceu o reconhecimento de servi\u00e7os de ensino de Retina e V\u00edtreo (fellowship). Fellowship \u00e9 o nome dado ao est\u00e1gio p\u00f3s-resid\u00eancia m\u00e9dica, onde o m\u00e9dico oftalmologista treina, durante dois ou mais anos, para aprender como tratar de forma cl\u00ednica e cir\u00fargica, as [&hellip;]","og_url":"https:\/\/sbrv.org\/medico\/servicos-reconhecidos-para-fellowship\/","og_site_name":"SBRV - \u00c1rea do M\u00e9dico","article_publisher":"https:\/\/pt-br.facebook.com\/sbrv.retina","article_modified_time":"2026-03-19T15:06:50+00:00","og_image":[{"width":1200,"height":675,"url":"https:\/\/sbrv.org\/medico\/wp-content\/uploads\/sites\/2\/2024\/12\/imagem-yoast-seo.png","type":"image\/png"}],"twitter_card":"summary_large_image","twitter_site":"@sbrv_retina","twitter_misc":{"Est. tempo de leitura":"1 minuto"},"schema":{"@context":"https:\/\/schema.org","@graph":[{"@type":"WebPage","@id":"https:\/\/sbrv.org\/medico\/servicos-reconhecidos-para-fellowship\/","url":"https:\/\/sbrv.org\/medico\/servicos-reconhecidos-para-fellowship\/","name":"Servi\u00e7os reconhecidos para fellowship - SBRV - \u00c1rea do M\u00e9dico","isPartOf":{"@id":"https:\/\/sbrv.org\/medico\/#website"},"datePublished":"2024-10-18T19:21:29+00:00","dateModified":"2026-03-19T15:06:50+00:00","breadcrumb":{"@id":"https:\/\/sbrv.org\/medico\/servicos-reconhecidos-para-fellowship\/#breadcrumb"},"inLanguage":"pt-BR","potentialAction":[{"@type":"ReadAction","target":["https:\/\/sbrv.org\/medico\/servicos-reconhecidos-para-fellowship\/"]}]},{"@type":"BreadcrumbList","@id":"https:\/\/sbrv.org\/medico\/servicos-reconhecidos-para-fellowship\/#breadcrumb","itemListElement":[{"@type":"ListItem","position":1,"name":"Home","item":"https:\/\/sbrv.org\/medico\/"},{"@type":"ListItem","position":2,"name":"Servi\u00e7os reconhecidos para fellowship"}]},{"@type":"WebSite","@id":"https:\/\/sbrv.org\/medico\/#website","url":"https:\/\/sbrv.org\/medico\/","name":"SBRV - Sociedade Brasileira de Retina e Vitreo - \u00c1rea do M\u00e9dico","description":"Portal da Sociedade Brasileira de Retina e Vitreo","publisher":{"@id":"https:\/\/sbrv.org\/medico\/#organization"},"alternateName":"SBRV","potentialAction":[{"@type":"SearchAction","target":{"@type":"EntryPoint","urlTemplate":"https:\/\/sbrv.org\/medico\/?s={search_term_string}"},"query-input":{"@type":"PropertyValueSpecification","valueRequired":true,"valueName":"search_term_string"}}],"inLanguage":"pt-BR"},{"@type":"Organization","@id":"https:\/\/sbrv.org\/medico\/#organization","name":"SBRV - Sociedade Brasileira de Retina e Vitreo","alternateName":"SBRV","url":"https:\/\/sbrv.org\/medico\/","logo":{"@type":"ImageObject","inLanguage":"pt-BR","@id":"https:\/\/sbrv.org\/medico\/#\/schema\/logo\/image\/","url":"https:\/\/sbrv.org\/medico\/wp-content\/uploads\/sites\/2\/2024\/12\/thumbnail-default-2.png","contentUrl":"https:\/\/sbrv.org\/medico\/wp-content\/uploads\/sites\/2\/2024\/12\/thumbnail-default-2.png","width":600,"height":400,"caption":"SBRV - Sociedade Brasileira de Retina e Vitreo"},"image":{"@id":"https:\/\/sbrv.org\/medico\/#\/schema\/logo\/image\/"},"sameAs":["https:\/\/pt-br.facebook.com\/sbrv.retina","https:\/\/x.com\/sbrv_retina","https:\/\/www.instagram.com\/retina.sbrv\/"]}]}},"_links":{"self":[{"href":"https:\/\/sbrv.org\/medico\/wp-json\/wp\/v2\/pages\/4963","targetHints":{"allow":["GET"]}}],"collection":[{"href":"https:\/\/sbrv.org\/medico\/wp-json\/wp\/v2\/pages"}],"about":[{"href":"https:\/\/sbrv.org\/medico\/wp-json\/wp\/v2\/types\/page"}],"author":[{"embeddable":true,"href":"https:\/\/sbrv.org\/medico\/wp-json\/wp\/v2\/users\/1"}],"replies":[{"embeddable":true,"href":"https:\/\/sbrv.org\/medico\/wp-json\/wp\/v2\/comments?post=4963"}],"version-history":[{"count":24,"href":"https:\/\/sbrv.org\/medico\/wp-json\/wp\/v2\/pages\/4963\/revisions"}],"predecessor-version":[{"id":7065,"href":"https:\/\/sbrv.org\/medico\/wp-json\/wp\/v2\/pages\/4963\/revisions\/7065"}],"wp:attachment":[{"href":"https:\/\/sbrv.org\/medico\/wp-json\/wp\/v2\/media?parent=4963"}],"curies":[{"name":"wp","href":"https:\/\/api.w.org\/{rel}","templated":true}]}}