{"id":4907,"date":"2024-10-17T16:15:34","date_gmt":"2024-10-17T19:15:34","guid":{"rendered":"https:\/\/sbrv.org\/medico\/?page_id=4907"},"modified":"2024-12-04T11:47:27","modified_gmt":"2024-12-04T14:47:27","slug":"diretoria-atual","status":"publish","type":"page","link":"https:\/\/sbrv.org\/medico\/diretoria-atual\/","title":{"rendered":"Diretoria Atual"},"content":{"rendered":"\n<figure class=\"wp-block-image size-large rounded-4\"><img decoding=\"async\" src=\"https:\/\/sbrv.org\/medico\/wp-content\/uploads\/sites\/2\/2024\/10\/diretoria.png\" alt=\"\"\/><\/figure>\n\n\n\n<h2 class=\"wp-block-heading\">Nova Diretoria Gest\u00e3o 2024-2026<\/h2>\n\n\n\n<div class=\"wp-block-group u-paragrafo-striped\"><div class=\"wp-block-group__inner-container is-layout-constrained wp-block-group-is-layout-constrained\">\n<p><strong>Presidente Nacional<\/strong>: Osias Francisco de Souza<\/p>\n\n\n\n<p><strong>Vice Presidente Nacional:<\/strong> Jorge Carlos Pessoa Rocha<\/p>\n\n\n\n<p><strong>Secret\u00e1rio Geral:<\/strong> Mauro Goldbaum<\/p>\n\n\n\n<p><strong>Secretaria Adjunta:<\/strong> Nilva Simeren Bueno Moraes Ambrogini<\/p>\n\n\n\n<p><strong>Tesoureiro:<\/strong> Nelson Alexandre Sabrosa<\/p>\n\n\n\n<p><strong>Vice-Presidente Reginais:<\/strong><br><strong>Norte<\/strong> \u2013 Alexandre Antonio Marques Rosa<br><strong>Nordeste<\/strong> \u2013 Andr\u00e9 Juca Machado<br><strong>Sudeste<\/strong> \u2013 Silvana Maria Pereira Vianello<br><strong>Sul<\/strong> \u2013 Jo\u00e3o Guilherme de Oliveira Moraes<br><strong>Centro-Oeste<\/strong> \u2013 K\u00e1tia Delal\u00edbera Pacheco<\/p>\n\n\n\n<p><strong>Diretor de Assuntos:<\/strong><br><strong>Profissionais<\/strong> \u2013 Carlos Augusto Moreira Neto<br><strong>Internacionais<\/strong> \u2013 Leandro Cabral Zacharias<\/p>\n\n\n\n<p><strong>Diretora de Publica\u00e7\u00e3o:<\/strong> Beatriz Sayuri Takahashi<\/p>\n\n\n\n<p><strong>Diretor de Assuntos Acad\u00eamicos:<\/strong> Oswaldo Ferreira Moura Brasil do Amaral<\/p>\n\n\n\n<p><strong>Diretor de Comunica\u00e7\u00e3o:<\/strong> David Leonardo Cruvinel Isaac<\/p>\n\n\n\n<p><strong>Conselho Fiscal:<\/strong><br>Tereza Cristina Moreira Kanadani<br>Carlos Eduardo dos Reis Veloso<br>Octaviano Magalh\u00e3es Junior<\/p>\n\n\n\n<p><strong>Conselho Consultivo:<\/strong><br>\u00c1lvaro Haverroth Hilgert<br>Ricardo Miguel Japiassu<br>Alipio de Sousa Neto<\/p>\n<\/div><\/div>\n","protected":false},"excerpt":{"rendered":"<p>Nova Diretoria Gest\u00e3o 2024-2026 Presidente Nacional: Osias Francisco de Souza Vice Presidente Nacional: Jorge Carlos Pessoa Rocha Secret\u00e1rio Geral: Mauro Goldbaum Secretaria Adjunta: Nilva Simeren Bueno Moraes Ambrogini Tesoureiro: Nelson Alexandre Sabrosa Vice-Presidente Reginais:Norte \u2013 Alexandre Antonio Marques RosaNordeste \u2013 Andr\u00e9 Juca MachadoSudeste \u2013 Silvana Maria Pereira VianelloSul \u2013 Jo\u00e3o Guilherme de Oliveira MoraesCentro-Oeste \u2013 [&hellip;]<\/p>\n","protected":false},"author":1,"featured_media":0,"parent":0,"menu_order":0,"comment_status":"closed","ping_status":"closed","template":"","meta":{"_acf_changed":false,"footnotes":""},"class_list":["post-4907","page","type-page","status-publish","hentry"],"acf":[],"yoast_head":"<!-- This site is optimized with the Yoast SEO plugin v27.5 - https:\/\/yoast.com\/product\/yoast-seo-wordpress\/ -->\n<title>Diretoria Atual - SBRV - \u00c1rea do M\u00e9dico<\/title>\n<meta name=\"robots\" content=\"index, follow, max-snippet:-1, max-image-preview:large, max-video-preview:-1\" \/>\n<link rel=\"canonical\" href=\"https:\/\/sbrv.org\/medico\/diretoria-atual\/\" \/>\n<meta property=\"og:locale\" content=\"pt_BR\" \/>\n<meta property=\"og:type\" content=\"article\" \/>\n<meta property=\"og:title\" content=\"Diretoria Atual - SBRV - \u00c1rea do M\u00e9dico\" \/>\n<meta property=\"og:description\" content=\"Nova Diretoria Gest\u00e3o 2024-2026 Presidente Nacional: Osias Francisco de Souza Vice Presidente Nacional: Jorge Carlos Pessoa Rocha Secret\u00e1rio Geral: Mauro Goldbaum Secretaria Adjunta: Nilva Simeren Bueno Moraes Ambrogini Tesoureiro: Nelson Alexandre Sabrosa Vice-Presidente Reginais:Norte \u2013 Alexandre Antonio Marques RosaNordeste \u2013 Andr\u00e9 Juca MachadoSudeste \u2013 Silvana Maria Pereira VianelloSul \u2013 Jo\u00e3o Guilherme de Oliveira MoraesCentro-Oeste \u2013 [&hellip;]\" \/>\n<meta property=\"og:url\" content=\"https:\/\/sbrv.org\/medico\/diretoria-atual\/\" \/>\n<meta property=\"og:site_name\" content=\"SBRV - \u00c1rea do M\u00e9dico\" \/>\n<meta property=\"article:publisher\" content=\"https:\/\/pt-br.facebook.com\/sbrv.retina\" \/>\n<meta property=\"article:modified_time\" content=\"2024-12-04T14:47:27+00:00\" \/>\n<meta property=\"og:image\" content=\"https:\/\/sbrv.org\/medico\/wp-content\/uploads\/sites\/2\/2024\/10\/diretoria.png\" \/>\n<meta name=\"twitter:card\" content=\"summary_large_image\" \/>\n<meta name=\"twitter:site\" content=\"@sbrv_retina\" \/>\n<meta name=\"twitter:label1\" content=\"Est. tempo de leitura\" \/>\n\t<meta name=\"twitter:data1\" content=\"1 minuto\" \/>\n<script type=\"application\/ld+json\" class=\"yoast-schema-graph\">{\"@context\":\"https:\\\/\\\/schema.org\",\"@graph\":[{\"@type\":\"WebPage\",\"@id\":\"https:\\\/\\\/sbrv.org\\\/medico\\\/diretoria-atual\\\/\",\"url\":\"https:\\\/\\\/sbrv.org\\\/medico\\\/diretoria-atual\\\/\",\"name\":\"Diretoria Atual - SBRV - \u00c1rea do M\u00e9dico\",\"isPartOf\":{\"@id\":\"https:\\\/\\\/sbrv.org\\\/medico\\\/#website\"},\"primaryImageOfPage\":{\"@id\":\"https:\\\/\\\/sbrv.org\\\/medico\\\/diretoria-atual\\\/#primaryimage\"},\"image\":{\"@id\":\"https:\\\/\\\/sbrv.org\\\/medico\\\/diretoria-atual\\\/#primaryimage\"},\"thumbnailUrl\":\"https:\\\/\\\/sbrv.org\\\/medico\\\/wp-content\\\/uploads\\\/sites\\\/2\\\/2024\\\/10\\\/diretoria.png\",\"datePublished\":\"2024-10-17T19:15:34+00:00\",\"dateModified\":\"2024-12-04T14:47:27+00:00\",\"breadcrumb\":{\"@id\":\"https:\\\/\\\/sbrv.org\\\/medico\\\/diretoria-atual\\\/#breadcrumb\"},\"inLanguage\":\"pt-BR\",\"potentialAction\":[{\"@type\":\"ReadAction\",\"target\":[\"https:\\\/\\\/sbrv.org\\\/medico\\\/diretoria-atual\\\/\"]}]},{\"@type\":\"ImageObject\",\"inLanguage\":\"pt-BR\",\"@id\":\"https:\\\/\\\/sbrv.org\\\/medico\\\/diretoria-atual\\\/#primaryimage\",\"url\":\"https:\\\/\\\/sbrv.org\\\/medico\\\/wp-content\\\/uploads\\\/sites\\\/2\\\/2024\\\/10\\\/diretoria.png\",\"contentUrl\":\"https:\\\/\\\/sbrv.org\\\/medico\\\/wp-content\\\/uploads\\\/sites\\\/2\\\/2024\\\/10\\\/diretoria.png\",\"width\":1440,\"height\":554},{\"@type\":\"BreadcrumbList\",\"@id\":\"https:\\\/\\\/sbrv.org\\\/medico\\\/diretoria-atual\\\/#breadcrumb\",\"itemListElement\":[{\"@type\":\"ListItem\",\"position\":1,\"name\":\"Home\",\"item\":\"https:\\\/\\\/sbrv.org\\\/medico\\\/\"},{\"@type\":\"ListItem\",\"position\":2,\"name\":\"Diretoria Atual\"}]},{\"@type\":\"WebSite\",\"@id\":\"https:\\\/\\\/sbrv.org\\\/medico\\\/#website\",\"url\":\"https:\\\/\\\/sbrv.org\\\/medico\\\/\",\"name\":\"SBRV - Sociedade Brasileira de Retina e Vitreo - \u00c1rea do M\u00e9dico\",\"description\":\"Portal da Sociedade Brasileira de Retina e Vitreo\",\"publisher\":{\"@id\":\"https:\\\/\\\/sbrv.org\\\/medico\\\/#organization\"},\"alternateName\":\"SBRV\",\"potentialAction\":[{\"@type\":\"SearchAction\",\"target\":{\"@type\":\"EntryPoint\",\"urlTemplate\":\"https:\\\/\\\/sbrv.org\\\/medico\\\/?s={search_term_string}\"},\"query-input\":{\"@type\":\"PropertyValueSpecification\",\"valueRequired\":true,\"valueName\":\"search_term_string\"}}],\"inLanguage\":\"pt-BR\"},{\"@type\":\"Organization\",\"@id\":\"https:\\\/\\\/sbrv.org\\\/medico\\\/#organization\",\"name\":\"SBRV - Sociedade Brasileira de Retina e Vitreo\",\"alternateName\":\"SBRV\",\"url\":\"https:\\\/\\\/sbrv.org\\\/medico\\\/\",\"logo\":{\"@type\":\"ImageObject\",\"inLanguage\":\"pt-BR\",\"@id\":\"https:\\\/\\\/sbrv.org\\\/medico\\\/#\\\/schema\\\/logo\\\/image\\\/\",\"url\":\"https:\\\/\\\/sbrv.org\\\/medico\\\/wp-content\\\/uploads\\\/sites\\\/2\\\/2024\\\/12\\\/thumbnail-default-2.png\",\"contentUrl\":\"https:\\\/\\\/sbrv.org\\\/medico\\\/wp-content\\\/uploads\\\/sites\\\/2\\\/2024\\\/12\\\/thumbnail-default-2.png\",\"width\":600,\"height\":400,\"caption\":\"SBRV - Sociedade Brasileira de Retina e Vitreo\"},\"image\":{\"@id\":\"https:\\\/\\\/sbrv.org\\\/medico\\\/#\\\/schema\\\/logo\\\/image\\\/\"},\"sameAs\":[\"https:\\\/\\\/pt-br.facebook.com\\\/sbrv.retina\",\"https:\\\/\\\/x.com\\\/sbrv_retina\",\"https:\\\/\\\/www.instagram.com\\\/retina.sbrv\\\/\"]}]}<\/script>\n<!-- \/ Yoast SEO plugin. -->","yoast_head_json":{"title":"Diretoria Atual - SBRV - \u00c1rea do M\u00e9dico","robots":{"index":"index","follow":"follow","max-snippet":"max-snippet:-1","max-image-preview":"max-image-preview:large","max-video-preview":"max-video-preview:-1"},"canonical":"https:\/\/sbrv.org\/medico\/diretoria-atual\/","og_locale":"pt_BR","og_type":"article","og_title":"Diretoria Atual - SBRV - \u00c1rea do M\u00e9dico","og_description":"Nova Diretoria Gest\u00e3o 2024-2026 Presidente Nacional: Osias Francisco de Souza Vice Presidente Nacional: Jorge Carlos Pessoa Rocha Secret\u00e1rio Geral: Mauro Goldbaum Secretaria Adjunta: Nilva Simeren Bueno Moraes Ambrogini Tesoureiro: Nelson Alexandre Sabrosa Vice-Presidente Reginais:Norte \u2013 Alexandre Antonio Marques RosaNordeste \u2013 Andr\u00e9 Juca MachadoSudeste \u2013 Silvana Maria Pereira VianelloSul \u2013 Jo\u00e3o Guilherme de Oliveira MoraesCentro-Oeste \u2013 [&hellip;]","og_url":"https:\/\/sbrv.org\/medico\/diretoria-atual\/","og_site_name":"SBRV - \u00c1rea do M\u00e9dico","article_publisher":"https:\/\/pt-br.facebook.com\/sbrv.retina","article_modified_time":"2024-12-04T14:47:27+00:00","og_image":[{"url":"https:\/\/sbrv.org\/medico\/wp-content\/uploads\/sites\/2\/2024\/10\/diretoria.png","type":"","width":"","height":""}],"twitter_card":"summary_large_image","twitter_site":"@sbrv_retina","twitter_misc":{"Est. tempo de leitura":"1 minuto"},"schema":{"@context":"https:\/\/schema.org","@graph":[{"@type":"WebPage","@id":"https:\/\/sbrv.org\/medico\/diretoria-atual\/","url":"https:\/\/sbrv.org\/medico\/diretoria-atual\/","name":"Diretoria Atual - SBRV - \u00c1rea do M\u00e9dico","isPartOf":{"@id":"https:\/\/sbrv.org\/medico\/#website"},"primaryImageOfPage":{"@id":"https:\/\/sbrv.org\/medico\/diretoria-atual\/#primaryimage"},"image":{"@id":"https:\/\/sbrv.org\/medico\/diretoria-atual\/#primaryimage"},"thumbnailUrl":"https:\/\/sbrv.org\/medico\/wp-content\/uploads\/sites\/2\/2024\/10\/diretoria.png","datePublished":"2024-10-17T19:15:34+00:00","dateModified":"2024-12-04T14:47:27+00:00","breadcrumb":{"@id":"https:\/\/sbrv.org\/medico\/diretoria-atual\/#breadcrumb"},"inLanguage":"pt-BR","potentialAction":[{"@type":"ReadAction","target":["https:\/\/sbrv.org\/medico\/diretoria-atual\/"]}]},{"@type":"ImageObject","inLanguage":"pt-BR","@id":"https:\/\/sbrv.org\/medico\/diretoria-atual\/#primaryimage","url":"https:\/\/sbrv.org\/medico\/wp-content\/uploads\/sites\/2\/2024\/10\/diretoria.png","contentUrl":"https:\/\/sbrv.org\/medico\/wp-content\/uploads\/sites\/2\/2024\/10\/diretoria.png","width":1440,"height":554},{"@type":"BreadcrumbList","@id":"https:\/\/sbrv.org\/medico\/diretoria-atual\/#breadcrumb","itemListElement":[{"@type":"ListItem","position":1,"name":"Home","item":"https:\/\/sbrv.org\/medico\/"},{"@type":"ListItem","position":2,"name":"Diretoria Atual"}]},{"@type":"WebSite","@id":"https:\/\/sbrv.org\/medico\/#website","url":"https:\/\/sbrv.org\/medico\/","name":"SBRV - Sociedade Brasileira de Retina e Vitreo - \u00c1rea do M\u00e9dico","description":"Portal da Sociedade Brasileira de Retina e Vitreo","publisher":{"@id":"https:\/\/sbrv.org\/medico\/#organization"},"alternateName":"SBRV","potentialAction":[{"@type":"SearchAction","target":{"@type":"EntryPoint","urlTemplate":"https:\/\/sbrv.org\/medico\/?s={search_term_string}"},"query-input":{"@type":"PropertyValueSpecification","valueRequired":true,"valueName":"search_term_string"}}],"inLanguage":"pt-BR"},{"@type":"Organization","@id":"https:\/\/sbrv.org\/medico\/#organization","name":"SBRV - Sociedade Brasileira de Retina e Vitreo","alternateName":"SBRV","url":"https:\/\/sbrv.org\/medico\/","logo":{"@type":"ImageObject","inLanguage":"pt-BR","@id":"https:\/\/sbrv.org\/medico\/#\/schema\/logo\/image\/","url":"https:\/\/sbrv.org\/medico\/wp-content\/uploads\/sites\/2\/2024\/12\/thumbnail-default-2.png","contentUrl":"https:\/\/sbrv.org\/medico\/wp-content\/uploads\/sites\/2\/2024\/12\/thumbnail-default-2.png","width":600,"height":400,"caption":"SBRV - Sociedade Brasileira de Retina e Vitreo"},"image":{"@id":"https:\/\/sbrv.org\/medico\/#\/schema\/logo\/image\/"},"sameAs":["https:\/\/pt-br.facebook.com\/sbrv.retina","https:\/\/x.com\/sbrv_retina","https:\/\/www.instagram.com\/retina.sbrv\/"]}]}},"_links":{"self":[{"href":"https:\/\/sbrv.org\/medico\/wp-json\/wp\/v2\/pages\/4907","targetHints":{"allow":["GET"]}}],"collection":[{"href":"https:\/\/sbrv.org\/medico\/wp-json\/wp\/v2\/pages"}],"about":[{"href":"https:\/\/sbrv.org\/medico\/wp-json\/wp\/v2\/types\/page"}],"author":[{"embeddable":true,"href":"https:\/\/sbrv.org\/medico\/wp-json\/wp\/v2\/users\/1"}],"replies":[{"embeddable":true,"href":"https:\/\/sbrv.org\/medico\/wp-json\/wp\/v2\/comments?post=4907"}],"version-history":[{"count":15,"href":"https:\/\/sbrv.org\/medico\/wp-json\/wp\/v2\/pages\/4907\/revisions"}],"predecessor-version":[{"id":6415,"href":"https:\/\/sbrv.org\/medico\/wp-json\/wp\/v2\/pages\/4907\/revisions\/6415"}],"wp:attachment":[{"href":"https:\/\/sbrv.org\/medico\/wp-json\/wp\/v2\/media?parent=4907"}],"curies":[{"name":"wp","href":"https:\/\/api.w.org\/{rel}","templated":true}]}}