{"id":4580,"date":"2024-09-25T10:14:05","date_gmt":"2024-09-25T13:14:05","guid":{"rendered":"https:\/\/sbrv.org\/medico\/?page_id=4580"},"modified":"2024-10-30T12:14:54","modified_gmt":"2024-10-30T15:14:54","slug":"regimentos-internos","status":"publish","type":"page","link":"https:\/\/sbrv.org\/medico\/regimentos-internos\/","title":{"rendered":"Regimentos Internos"},"content":{"rendered":"\n<p>A Diretoria da SBRV esclarece que, por equ\u00edvoco e antes de conclu\u00edda a vota\u00e7\u00e3o pelo Conselho Consultivo da SBRV, foi publicada a proposta de altera\u00e7\u00e3o do Regimento de Congressos.<\/p>\n\n\n\n<p>Uma vez que \u00e9 necess\u00e1rio a finaliza\u00e7\u00e3o da tramita\u00e7\u00e3o da mencionada proposta de altera\u00e7\u00e3o, haja vista as observa\u00e7\u00f5es de ordem legal propostas pelo Conselho, torna-se sem efeito o texto publicado no dia 17\/09, devendo prevalecer para os fins de direito a vers\u00e3o oficial e consolidada do Regimento de Congressos anterior.<\/p>\n\n\n\n<p><strong>Att.<br>Diretoria da SBRV<\/strong><\/p>\n","protected":false},"excerpt":{"rendered":"<p>A Diretoria da SBRV esclarece que, por equ\u00edvoco e antes de conclu\u00edda a vota\u00e7\u00e3o pelo Conselho Consultivo da SBRV, foi publicada a proposta de altera\u00e7\u00e3o do Regimento de Congressos. Uma vez que \u00e9 necess\u00e1rio a finaliza\u00e7\u00e3o da tramita\u00e7\u00e3o da mencionada proposta de altera\u00e7\u00e3o, haja vista as observa\u00e7\u00f5es de ordem legal propostas pelo Conselho, torna-se sem [&hellip;]<\/p>\n","protected":false},"author":1,"featured_media":0,"parent":0,"menu_order":0,"comment_status":"closed","ping_status":"closed","template":"templates\/tp-regimento.php","meta":{"_acf_changed":false,"footnotes":""},"class_list":["post-4580","page","type-page","status-publish","hentry"],"acf":[],"yoast_head":"<!-- This site is optimized with the Yoast SEO plugin v27.4 - https:\/\/yoast.com\/product\/yoast-seo-wordpress\/ -->\n<title>Regimentos Internos - SBRV - \u00c1rea do M\u00e9dico<\/title>\n<meta name=\"robots\" content=\"index, follow, max-snippet:-1, max-image-preview:large, max-video-preview:-1\" \/>\n<link rel=\"canonical\" href=\"https:\/\/sbrv.org\/medico\/regimentos-internos\/\" \/>\n<meta property=\"og:locale\" content=\"pt_BR\" \/>\n<meta property=\"og:type\" content=\"article\" \/>\n<meta property=\"og:title\" content=\"Regimentos Internos - SBRV - \u00c1rea do M\u00e9dico\" \/>\n<meta property=\"og:description\" content=\"A Diretoria da SBRV esclarece que, por equ\u00edvoco e antes de conclu\u00edda a vota\u00e7\u00e3o pelo Conselho Consultivo da SBRV, foi publicada a proposta de altera\u00e7\u00e3o do Regimento de Congressos. Uma vez que \u00e9 necess\u00e1rio a finaliza\u00e7\u00e3o da tramita\u00e7\u00e3o da mencionada proposta de altera\u00e7\u00e3o, haja vista as observa\u00e7\u00f5es de ordem legal propostas pelo Conselho, torna-se sem [&hellip;]\" \/>\n<meta property=\"og:url\" content=\"https:\/\/sbrv.org\/medico\/regimentos-internos\/\" \/>\n<meta property=\"og:site_name\" content=\"SBRV - \u00c1rea do M\u00e9dico\" \/>\n<meta property=\"article:publisher\" content=\"https:\/\/pt-br.facebook.com\/sbrv.retina\" \/>\n<meta property=\"article:modified_time\" content=\"2024-10-30T15:14:54+00:00\" \/>\n<meta property=\"og:image\" content=\"https:\/\/sbrv.org\/medico\/wp-content\/uploads\/sites\/2\/2024\/12\/imagem-yoast-seo.png\" \/>\n\t<meta property=\"og:image:width\" content=\"1200\" \/>\n\t<meta property=\"og:image:height\" content=\"675\" \/>\n\t<meta property=\"og:image:type\" content=\"image\/png\" \/>\n<meta name=\"twitter:card\" content=\"summary_large_image\" \/>\n<meta name=\"twitter:site\" content=\"@sbrv_retina\" \/>\n<meta name=\"twitter:label1\" content=\"Est. tempo de leitura\" \/>\n\t<meta name=\"twitter:data1\" content=\"1 minuto\" \/>\n<script type=\"application\/ld+json\" class=\"yoast-schema-graph\">{\"@context\":\"https:\\\/\\\/schema.org\",\"@graph\":[{\"@type\":\"WebPage\",\"@id\":\"https:\\\/\\\/sbrv.org\\\/medico\\\/regimentos-internos\\\/\",\"url\":\"https:\\\/\\\/sbrv.org\\\/medico\\\/regimentos-internos\\\/\",\"name\":\"Regimentos Internos - SBRV - \u00c1rea do M\u00e9dico\",\"isPartOf\":{\"@id\":\"https:\\\/\\\/sbrv.org\\\/medico\\\/#website\"},\"datePublished\":\"2024-09-25T13:14:05+00:00\",\"dateModified\":\"2024-10-30T15:14:54+00:00\",\"breadcrumb\":{\"@id\":\"https:\\\/\\\/sbrv.org\\\/medico\\\/regimentos-internos\\\/#breadcrumb\"},\"inLanguage\":\"pt-BR\",\"potentialAction\":[{\"@type\":\"ReadAction\",\"target\":[\"https:\\\/\\\/sbrv.org\\\/medico\\\/regimentos-internos\\\/\"]}]},{\"@type\":\"BreadcrumbList\",\"@id\":\"https:\\\/\\\/sbrv.org\\\/medico\\\/regimentos-internos\\\/#breadcrumb\",\"itemListElement\":[{\"@type\":\"ListItem\",\"position\":1,\"name\":\"Home\",\"item\":\"https:\\\/\\\/sbrv.org\\\/medico\\\/\"},{\"@type\":\"ListItem\",\"position\":2,\"name\":\"Regimentos Internos\"}]},{\"@type\":\"WebSite\",\"@id\":\"https:\\\/\\\/sbrv.org\\\/medico\\\/#website\",\"url\":\"https:\\\/\\\/sbrv.org\\\/medico\\\/\",\"name\":\"SBRV - Sociedade Brasileira de Retina e Vitreo - \u00c1rea do M\u00e9dico\",\"description\":\"Portal da Sociedade Brasileira de Retina e Vitreo\",\"publisher\":{\"@id\":\"https:\\\/\\\/sbrv.org\\\/medico\\\/#organization\"},\"alternateName\":\"SBRV\",\"potentialAction\":[{\"@type\":\"SearchAction\",\"target\":{\"@type\":\"EntryPoint\",\"urlTemplate\":\"https:\\\/\\\/sbrv.org\\\/medico\\\/?s={search_term_string}\"},\"query-input\":{\"@type\":\"PropertyValueSpecification\",\"valueRequired\":true,\"valueName\":\"search_term_string\"}}],\"inLanguage\":\"pt-BR\"},{\"@type\":\"Organization\",\"@id\":\"https:\\\/\\\/sbrv.org\\\/medico\\\/#organization\",\"name\":\"SBRV - Sociedade Brasileira de Retina e Vitreo\",\"alternateName\":\"SBRV\",\"url\":\"https:\\\/\\\/sbrv.org\\\/medico\\\/\",\"logo\":{\"@type\":\"ImageObject\",\"inLanguage\":\"pt-BR\",\"@id\":\"https:\\\/\\\/sbrv.org\\\/medico\\\/#\\\/schema\\\/logo\\\/image\\\/\",\"url\":\"https:\\\/\\\/sbrv.org\\\/medico\\\/wp-content\\\/uploads\\\/sites\\\/2\\\/2024\\\/12\\\/thumbnail-default-2.png\",\"contentUrl\":\"https:\\\/\\\/sbrv.org\\\/medico\\\/wp-content\\\/uploads\\\/sites\\\/2\\\/2024\\\/12\\\/thumbnail-default-2.png\",\"width\":600,\"height\":400,\"caption\":\"SBRV - Sociedade Brasileira de Retina e Vitreo\"},\"image\":{\"@id\":\"https:\\\/\\\/sbrv.org\\\/medico\\\/#\\\/schema\\\/logo\\\/image\\\/\"},\"sameAs\":[\"https:\\\/\\\/pt-br.facebook.com\\\/sbrv.retina\",\"https:\\\/\\\/x.com\\\/sbrv_retina\",\"https:\\\/\\\/www.instagram.com\\\/retina.sbrv\\\/\"]}]}<\/script>\n<!-- \/ Yoast SEO plugin. -->","yoast_head_json":{"title":"Regimentos Internos - SBRV - \u00c1rea do M\u00e9dico","robots":{"index":"index","follow":"follow","max-snippet":"max-snippet:-1","max-image-preview":"max-image-preview:large","max-video-preview":"max-video-preview:-1"},"canonical":"https:\/\/sbrv.org\/medico\/regimentos-internos\/","og_locale":"pt_BR","og_type":"article","og_title":"Regimentos Internos - SBRV - \u00c1rea do M\u00e9dico","og_description":"A Diretoria da SBRV esclarece que, por equ\u00edvoco e antes de conclu\u00edda a vota\u00e7\u00e3o pelo Conselho Consultivo da SBRV, foi publicada a proposta de altera\u00e7\u00e3o do Regimento de Congressos. Uma vez que \u00e9 necess\u00e1rio a finaliza\u00e7\u00e3o da tramita\u00e7\u00e3o da mencionada proposta de altera\u00e7\u00e3o, haja vista as observa\u00e7\u00f5es de ordem legal propostas pelo Conselho, torna-se sem [&hellip;]","og_url":"https:\/\/sbrv.org\/medico\/regimentos-internos\/","og_site_name":"SBRV - \u00c1rea do M\u00e9dico","article_publisher":"https:\/\/pt-br.facebook.com\/sbrv.retina","article_modified_time":"2024-10-30T15:14:54+00:00","og_image":[{"width":1200,"height":675,"url":"https:\/\/sbrv.org\/medico\/wp-content\/uploads\/sites\/2\/2024\/12\/imagem-yoast-seo.png","type":"image\/png"}],"twitter_card":"summary_large_image","twitter_site":"@sbrv_retina","twitter_misc":{"Est. tempo de leitura":"1 minuto"},"schema":{"@context":"https:\/\/schema.org","@graph":[{"@type":"WebPage","@id":"https:\/\/sbrv.org\/medico\/regimentos-internos\/","url":"https:\/\/sbrv.org\/medico\/regimentos-internos\/","name":"Regimentos Internos - SBRV - \u00c1rea do M\u00e9dico","isPartOf":{"@id":"https:\/\/sbrv.org\/medico\/#website"},"datePublished":"2024-09-25T13:14:05+00:00","dateModified":"2024-10-30T15:14:54+00:00","breadcrumb":{"@id":"https:\/\/sbrv.org\/medico\/regimentos-internos\/#breadcrumb"},"inLanguage":"pt-BR","potentialAction":[{"@type":"ReadAction","target":["https:\/\/sbrv.org\/medico\/regimentos-internos\/"]}]},{"@type":"BreadcrumbList","@id":"https:\/\/sbrv.org\/medico\/regimentos-internos\/#breadcrumb","itemListElement":[{"@type":"ListItem","position":1,"name":"Home","item":"https:\/\/sbrv.org\/medico\/"},{"@type":"ListItem","position":2,"name":"Regimentos Internos"}]},{"@type":"WebSite","@id":"https:\/\/sbrv.org\/medico\/#website","url":"https:\/\/sbrv.org\/medico\/","name":"SBRV - Sociedade Brasileira de Retina e Vitreo - \u00c1rea do M\u00e9dico","description":"Portal da Sociedade Brasileira de Retina e Vitreo","publisher":{"@id":"https:\/\/sbrv.org\/medico\/#organization"},"alternateName":"SBRV","potentialAction":[{"@type":"SearchAction","target":{"@type":"EntryPoint","urlTemplate":"https:\/\/sbrv.org\/medico\/?s={search_term_string}"},"query-input":{"@type":"PropertyValueSpecification","valueRequired":true,"valueName":"search_term_string"}}],"inLanguage":"pt-BR"},{"@type":"Organization","@id":"https:\/\/sbrv.org\/medico\/#organization","name":"SBRV - Sociedade Brasileira de Retina e Vitreo","alternateName":"SBRV","url":"https:\/\/sbrv.org\/medico\/","logo":{"@type":"ImageObject","inLanguage":"pt-BR","@id":"https:\/\/sbrv.org\/medico\/#\/schema\/logo\/image\/","url":"https:\/\/sbrv.org\/medico\/wp-content\/uploads\/sites\/2\/2024\/12\/thumbnail-default-2.png","contentUrl":"https:\/\/sbrv.org\/medico\/wp-content\/uploads\/sites\/2\/2024\/12\/thumbnail-default-2.png","width":600,"height":400,"caption":"SBRV - Sociedade Brasileira de Retina e Vitreo"},"image":{"@id":"https:\/\/sbrv.org\/medico\/#\/schema\/logo\/image\/"},"sameAs":["https:\/\/pt-br.facebook.com\/sbrv.retina","https:\/\/x.com\/sbrv_retina","https:\/\/www.instagram.com\/retina.sbrv\/"]}]}},"_links":{"self":[{"href":"https:\/\/sbrv.org\/medico\/wp-json\/wp\/v2\/pages\/4580","targetHints":{"allow":["GET"]}}],"collection":[{"href":"https:\/\/sbrv.org\/medico\/wp-json\/wp\/v2\/pages"}],"about":[{"href":"https:\/\/sbrv.org\/medico\/wp-json\/wp\/v2\/types\/page"}],"author":[{"embeddable":true,"href":"https:\/\/sbrv.org\/medico\/wp-json\/wp\/v2\/users\/1"}],"replies":[{"embeddable":true,"href":"https:\/\/sbrv.org\/medico\/wp-json\/wp\/v2\/comments?post=4580"}],"version-history":[{"count":4,"href":"https:\/\/sbrv.org\/medico\/wp-json\/wp\/v2\/pages\/4580\/revisions"}],"predecessor-version":[{"id":5015,"href":"https:\/\/sbrv.org\/medico\/wp-json\/wp\/v2\/pages\/4580\/revisions\/5015"}],"wp:attachment":[{"href":"https:\/\/sbrv.org\/medico\/wp-json\/wp\/v2\/media?parent=4580"}],"curies":[{"name":"wp","href":"https:\/\/api.w.org\/{rel}","templated":true}]}}