{"id":4379,"date":"2024-09-19T12:38:13","date_gmt":"2024-09-19T15:38:13","guid":{"rendered":"https:\/\/sbrv.org\/medico\/?page_id=4379"},"modified":"2024-11-07T14:40:54","modified_gmt":"2024-11-07T17:40:54","slug":"torne-se-um-associado","status":"publish","type":"page","link":"https:\/\/sbrv.org\/medico\/torne-se-um-associado\/","title":{"rendered":"Torne-se um Associado"},"content":{"rendered":"\n<p><strong>Prezado Colega,<\/strong><\/p>\n\n\n\n<p>O associado da Sociedade Brasileira de Retina e V\u00edtreo conta com in\u00fameros benef\u00edcios: descontos nas inscri\u00e7\u00f5es em Congressos da Sociedade, isen\u00e7\u00e3o na inscri\u00e7\u00e3o do Congresso anual para associados quites com mais de 70 anos de idade, divulga\u00e7\u00e3o de dados profissionais pela ferramenta \u201cEncontre seu M\u00e9dico\u201d, acesso ao EAD da SBRV, acesso ao e-Book, acesso \u00e0s Lives e Webinares da Sociedade, acesso \u00e0 revista Retina e Retina Cases and Brief Reports.<\/p>\n\n\n\n<p><strong>Confira abaixo os requisitos para sua admiss\u00e3o como associado da SBRV e as diferentes categorias de membros associados<\/strong>.<\/p>\n","protected":false},"excerpt":{"rendered":"<p>Prezado Colega, O associado da Sociedade Brasileira de Retina e V\u00edtreo conta com in\u00fameros benef\u00edcios: descontos nas inscri\u00e7\u00f5es em Congressos da Sociedade, isen\u00e7\u00e3o na inscri\u00e7\u00e3o do Congresso anual para associados quites com mais de 70 anos de idade, divulga\u00e7\u00e3o de dados profissionais pela ferramenta \u201cEncontre seu M\u00e9dico\u201d, acesso ao EAD da SBRV, acesso ao e-Book, [&hellip;]<\/p>\n","protected":false},"author":1,"featured_media":0,"parent":0,"menu_order":0,"comment_status":"closed","ping_status":"closed","template":"templates\/tp-tornese-membro.php","meta":{"_acf_changed":false,"footnotes":""},"class_list":["post-4379","page","type-page","status-publish","hentry"],"acf":[],"yoast_head":"<!-- This site is optimized with the Yoast SEO plugin v27.4 - https:\/\/yoast.com\/product\/yoast-seo-wordpress\/ -->\n<title>Torne-se um Associado - SBRV - \u00c1rea do M\u00e9dico<\/title>\n<meta name=\"robots\" content=\"index, follow, max-snippet:-1, max-image-preview:large, max-video-preview:-1\" \/>\n<link rel=\"canonical\" href=\"https:\/\/sbrv.org\/medico\/torne-se-um-associado\/\" \/>\n<meta property=\"og:locale\" content=\"pt_BR\" \/>\n<meta property=\"og:type\" content=\"article\" \/>\n<meta property=\"og:title\" content=\"Torne-se um Associado - SBRV - \u00c1rea do M\u00e9dico\" \/>\n<meta property=\"og:description\" content=\"Prezado Colega, O associado da Sociedade Brasileira de Retina e V\u00edtreo conta com in\u00fameros benef\u00edcios: descontos nas inscri\u00e7\u00f5es em Congressos da Sociedade, isen\u00e7\u00e3o na inscri\u00e7\u00e3o do Congresso anual para associados quites com mais de 70 anos de idade, divulga\u00e7\u00e3o de dados profissionais pela ferramenta \u201cEncontre seu M\u00e9dico\u201d, acesso ao EAD da SBRV, acesso ao e-Book, [&hellip;]\" \/>\n<meta property=\"og:url\" content=\"https:\/\/sbrv.org\/medico\/torne-se-um-associado\/\" \/>\n<meta property=\"og:site_name\" content=\"SBRV - \u00c1rea do M\u00e9dico\" \/>\n<meta property=\"article:publisher\" content=\"https:\/\/pt-br.facebook.com\/sbrv.retina\" \/>\n<meta property=\"article:modified_time\" content=\"2024-11-07T17:40:54+00:00\" \/>\n<meta property=\"og:image\" content=\"https:\/\/sbrv.org\/medico\/wp-content\/uploads\/sites\/2\/2024\/12\/imagem-yoast-seo.png\" \/>\n\t<meta property=\"og:image:width\" content=\"1200\" \/>\n\t<meta property=\"og:image:height\" content=\"675\" \/>\n\t<meta property=\"og:image:type\" content=\"image\/png\" \/>\n<meta name=\"twitter:card\" content=\"summary_large_image\" \/>\n<meta name=\"twitter:site\" content=\"@sbrv_retina\" \/>\n<meta name=\"twitter:label1\" content=\"Est. tempo de leitura\" \/>\n\t<meta name=\"twitter:data1\" content=\"1 minuto\" \/>\n<script type=\"application\/ld+json\" class=\"yoast-schema-graph\">{\"@context\":\"https:\\\/\\\/schema.org\",\"@graph\":[{\"@type\":\"WebPage\",\"@id\":\"https:\\\/\\\/sbrv.org\\\/medico\\\/torne-se-um-associado\\\/\",\"url\":\"https:\\\/\\\/sbrv.org\\\/medico\\\/torne-se-um-associado\\\/\",\"name\":\"Torne-se um Associado - SBRV - \u00c1rea do M\u00e9dico\",\"isPartOf\":{\"@id\":\"https:\\\/\\\/sbrv.org\\\/medico\\\/#website\"},\"datePublished\":\"2024-09-19T15:38:13+00:00\",\"dateModified\":\"2024-11-07T17:40:54+00:00\",\"breadcrumb\":{\"@id\":\"https:\\\/\\\/sbrv.org\\\/medico\\\/torne-se-um-associado\\\/#breadcrumb\"},\"inLanguage\":\"pt-BR\",\"potentialAction\":[{\"@type\":\"ReadAction\",\"target\":[\"https:\\\/\\\/sbrv.org\\\/medico\\\/torne-se-um-associado\\\/\"]}]},{\"@type\":\"BreadcrumbList\",\"@id\":\"https:\\\/\\\/sbrv.org\\\/medico\\\/torne-se-um-associado\\\/#breadcrumb\",\"itemListElement\":[{\"@type\":\"ListItem\",\"position\":1,\"name\":\"Home\",\"item\":\"https:\\\/\\\/sbrv.org\\\/medico\\\/\"},{\"@type\":\"ListItem\",\"position\":2,\"name\":\"Torne-se um Associado\"}]},{\"@type\":\"WebSite\",\"@id\":\"https:\\\/\\\/sbrv.org\\\/medico\\\/#website\",\"url\":\"https:\\\/\\\/sbrv.org\\\/medico\\\/\",\"name\":\"SBRV - Sociedade Brasileira de Retina e Vitreo - \u00c1rea do M\u00e9dico\",\"description\":\"Portal da Sociedade Brasileira de Retina e Vitreo\",\"publisher\":{\"@id\":\"https:\\\/\\\/sbrv.org\\\/medico\\\/#organization\"},\"alternateName\":\"SBRV\",\"potentialAction\":[{\"@type\":\"SearchAction\",\"target\":{\"@type\":\"EntryPoint\",\"urlTemplate\":\"https:\\\/\\\/sbrv.org\\\/medico\\\/?s={search_term_string}\"},\"query-input\":{\"@type\":\"PropertyValueSpecification\",\"valueRequired\":true,\"valueName\":\"search_term_string\"}}],\"inLanguage\":\"pt-BR\"},{\"@type\":\"Organization\",\"@id\":\"https:\\\/\\\/sbrv.org\\\/medico\\\/#organization\",\"name\":\"SBRV - Sociedade Brasileira de Retina e Vitreo\",\"alternateName\":\"SBRV\",\"url\":\"https:\\\/\\\/sbrv.org\\\/medico\\\/\",\"logo\":{\"@type\":\"ImageObject\",\"inLanguage\":\"pt-BR\",\"@id\":\"https:\\\/\\\/sbrv.org\\\/medico\\\/#\\\/schema\\\/logo\\\/image\\\/\",\"url\":\"https:\\\/\\\/sbrv.org\\\/medico\\\/wp-content\\\/uploads\\\/sites\\\/2\\\/2024\\\/12\\\/thumbnail-default-2.png\",\"contentUrl\":\"https:\\\/\\\/sbrv.org\\\/medico\\\/wp-content\\\/uploads\\\/sites\\\/2\\\/2024\\\/12\\\/thumbnail-default-2.png\",\"width\":600,\"height\":400,\"caption\":\"SBRV - Sociedade Brasileira de Retina e Vitreo\"},\"image\":{\"@id\":\"https:\\\/\\\/sbrv.org\\\/medico\\\/#\\\/schema\\\/logo\\\/image\\\/\"},\"sameAs\":[\"https:\\\/\\\/pt-br.facebook.com\\\/sbrv.retina\",\"https:\\\/\\\/x.com\\\/sbrv_retina\",\"https:\\\/\\\/www.instagram.com\\\/retina.sbrv\\\/\"]}]}<\/script>\n<!-- \/ Yoast SEO plugin. -->","yoast_head_json":{"title":"Torne-se um Associado - SBRV - \u00c1rea do M\u00e9dico","robots":{"index":"index","follow":"follow","max-snippet":"max-snippet:-1","max-image-preview":"max-image-preview:large","max-video-preview":"max-video-preview:-1"},"canonical":"https:\/\/sbrv.org\/medico\/torne-se-um-associado\/","og_locale":"pt_BR","og_type":"article","og_title":"Torne-se um Associado - SBRV - \u00c1rea do M\u00e9dico","og_description":"Prezado Colega, O associado da Sociedade Brasileira de Retina e V\u00edtreo conta com in\u00fameros benef\u00edcios: descontos nas inscri\u00e7\u00f5es em Congressos da Sociedade, isen\u00e7\u00e3o na inscri\u00e7\u00e3o do Congresso anual para associados quites com mais de 70 anos de idade, divulga\u00e7\u00e3o de dados profissionais pela ferramenta \u201cEncontre seu M\u00e9dico\u201d, acesso ao EAD da SBRV, acesso ao e-Book, [&hellip;]","og_url":"https:\/\/sbrv.org\/medico\/torne-se-um-associado\/","og_site_name":"SBRV - \u00c1rea do M\u00e9dico","article_publisher":"https:\/\/pt-br.facebook.com\/sbrv.retina","article_modified_time":"2024-11-07T17:40:54+00:00","og_image":[{"width":1200,"height":675,"url":"https:\/\/sbrv.org\/medico\/wp-content\/uploads\/sites\/2\/2024\/12\/imagem-yoast-seo.png","type":"image\/png"}],"twitter_card":"summary_large_image","twitter_site":"@sbrv_retina","twitter_misc":{"Est. tempo de leitura":"1 minuto"},"schema":{"@context":"https:\/\/schema.org","@graph":[{"@type":"WebPage","@id":"https:\/\/sbrv.org\/medico\/torne-se-um-associado\/","url":"https:\/\/sbrv.org\/medico\/torne-se-um-associado\/","name":"Torne-se um Associado - SBRV - \u00c1rea do M\u00e9dico","isPartOf":{"@id":"https:\/\/sbrv.org\/medico\/#website"},"datePublished":"2024-09-19T15:38:13+00:00","dateModified":"2024-11-07T17:40:54+00:00","breadcrumb":{"@id":"https:\/\/sbrv.org\/medico\/torne-se-um-associado\/#breadcrumb"},"inLanguage":"pt-BR","potentialAction":[{"@type":"ReadAction","target":["https:\/\/sbrv.org\/medico\/torne-se-um-associado\/"]}]},{"@type":"BreadcrumbList","@id":"https:\/\/sbrv.org\/medico\/torne-se-um-associado\/#breadcrumb","itemListElement":[{"@type":"ListItem","position":1,"name":"Home","item":"https:\/\/sbrv.org\/medico\/"},{"@type":"ListItem","position":2,"name":"Torne-se um Associado"}]},{"@type":"WebSite","@id":"https:\/\/sbrv.org\/medico\/#website","url":"https:\/\/sbrv.org\/medico\/","name":"SBRV - Sociedade Brasileira de Retina e Vitreo - \u00c1rea do M\u00e9dico","description":"Portal da Sociedade Brasileira de Retina e Vitreo","publisher":{"@id":"https:\/\/sbrv.org\/medico\/#organization"},"alternateName":"SBRV","potentialAction":[{"@type":"SearchAction","target":{"@type":"EntryPoint","urlTemplate":"https:\/\/sbrv.org\/medico\/?s={search_term_string}"},"query-input":{"@type":"PropertyValueSpecification","valueRequired":true,"valueName":"search_term_string"}}],"inLanguage":"pt-BR"},{"@type":"Organization","@id":"https:\/\/sbrv.org\/medico\/#organization","name":"SBRV - Sociedade Brasileira de Retina e Vitreo","alternateName":"SBRV","url":"https:\/\/sbrv.org\/medico\/","logo":{"@type":"ImageObject","inLanguage":"pt-BR","@id":"https:\/\/sbrv.org\/medico\/#\/schema\/logo\/image\/","url":"https:\/\/sbrv.org\/medico\/wp-content\/uploads\/sites\/2\/2024\/12\/thumbnail-default-2.png","contentUrl":"https:\/\/sbrv.org\/medico\/wp-content\/uploads\/sites\/2\/2024\/12\/thumbnail-default-2.png","width":600,"height":400,"caption":"SBRV - Sociedade Brasileira de Retina e Vitreo"},"image":{"@id":"https:\/\/sbrv.org\/medico\/#\/schema\/logo\/image\/"},"sameAs":["https:\/\/pt-br.facebook.com\/sbrv.retina","https:\/\/x.com\/sbrv_retina","https:\/\/www.instagram.com\/retina.sbrv\/"]}]}},"_links":{"self":[{"href":"https:\/\/sbrv.org\/medico\/wp-json\/wp\/v2\/pages\/4379","targetHints":{"allow":["GET"]}}],"collection":[{"href":"https:\/\/sbrv.org\/medico\/wp-json\/wp\/v2\/pages"}],"about":[{"href":"https:\/\/sbrv.org\/medico\/wp-json\/wp\/v2\/types\/page"}],"author":[{"embeddable":true,"href":"https:\/\/sbrv.org\/medico\/wp-json\/wp\/v2\/users\/1"}],"replies":[{"embeddable":true,"href":"https:\/\/sbrv.org\/medico\/wp-json\/wp\/v2\/comments?post=4379"}],"version-history":[{"count":5,"href":"https:\/\/sbrv.org\/medico\/wp-json\/wp\/v2\/pages\/4379\/revisions"}],"predecessor-version":[{"id":5078,"href":"https:\/\/sbrv.org\/medico\/wp-json\/wp\/v2\/pages\/4379\/revisions\/5078"}],"wp:attachment":[{"href":"https:\/\/sbrv.org\/medico\/wp-json\/wp\/v2\/media?parent=4379"}],"curies":[{"name":"wp","href":"https:\/\/api.w.org\/{rel}","templated":true}]}}